{"id":27,"date":"2025-09-30T06:48:11","date_gmt":"2025-09-30T06:48:11","guid":{"rendered":"https:\/\/sitebox.ro\/?page_id=27"},"modified":"2025-10-22T10:18:01","modified_gmt":"2025-10-22T08:18:01","slug":"contact","status":"publish","type":"page","link":"https:\/\/sitebox.ro\/en\/contact\/","title":{"rendered":"Contact"},"content":{"rendered":"<div data-elementor-type=\"wp-page\" data-elementor-id=\"27\" class=\"elementor elementor-27\" data-elementor-post-type=\"page\">\n\t\t\t\t<div class=\"elementor-element elementor-element-4afcd98 e-flex e-con-boxed e-con e-parent\" data-id=\"4afcd98\" data-element_type=\"container\" data-e-type=\"container\" data-settings=\"{&quot;background_background&quot;:&quot;classic&quot;,&quot;jet_parallax_layout_list&quot;:[]}\">\n\t\t\t\t\t<div class=\"e-con-inner\">\n\t\t<div class=\"elementor-element elementor-element-89b0232 e-con-full e-flex e-con e-child\" data-id=\"89b0232\" data-element_type=\"container\" data-e-type=\"container\" data-settings=\"{&quot;jet_parallax_layout_list&quot;:[]}\">\n\t\t\t\t<div class=\"elementor-element elementor-element-5aebdb3 elementor-widget__width-inherit elementor-widget elementor-widget-heading\" data-id=\"5aebdb3\" data-element_type=\"widget\" data-e-type=\"widget\" data-widget_type=\"heading.default\">\n\t\t\t\t\t<h1 class=\"elementor-heading-title elementor-size-default\">Contact SiteBox<\/h1>\t\t\t\t<\/div>\n\t\t\t\t<\/div>\n\t\t\t\t\t<\/div>\n\t\t\t\t<\/div>\n\t\t<div class=\"elementor-element elementor-element-4aa2e4c e-con-full e-flex e-con e-parent\" data-id=\"4aa2e4c\" data-element_type=\"container\" data-e-type=\"container\" data-settings=\"{&quot;jet_parallax_layout_list&quot;:[]}\">\n\t\t\t\t<div class=\"elementor-element elementor-element-0a95167 elementor-widget elementor-widget-template\" data-id=\"0a95167\" data-element_type=\"widget\" data-e-type=\"widget\" data-widget_type=\"template.default\">\n\t\t\t\t<div class=\"elementor-widget-container\">\n\t\t\t\t\t\t\t<div class=\"elementor-template\">\n\t\t\t\t\t<div data-elementor-type=\"container\" data-elementor-id=\"851\" class=\"elementor elementor-851\" data-elementor-post-type=\"elementor_library\">\n\t\t\t\t<div class=\"elementor-element elementor-element-5df381ac e-flex e-con-boxed e-con e-parent\" data-id=\"5df381ac\" data-element_type=\"container\" data-e-type=\"container\" data-settings=\"{&quot;jet_parallax_layout_list&quot;:[]}\">\n\t\t\t\t\t<div class=\"e-con-inner\">\n\t\t<div class=\"elementor-element elementor-element-29bd8a51 e-con-full e-flex e-con e-child\" data-id=\"29bd8a51\" data-element_type=\"container\" data-e-type=\"container\" data-settings=\"{&quot;jet_parallax_layout_list&quot;:[]}\">\n\t\t\t\t<div class=\"elementor-element elementor-element-65b65d1 elementor-widget elementor-widget-heading\" data-id=\"65b65d1\" data-element_type=\"widget\" data-e-type=\"widget\" data-widget_type=\"heading.default\">\n\t\t\t\t\t<div class=\"elementor-heading-title elementor-size-default\">Let\u2019s Talk<\/div>\t\t\t\t<\/div>\n\t\t\t\t<div class=\"elementor-element elementor-element-5a1becc0 elementor-widget elementor-widget-heading\" data-id=\"5a1becc0\" data-element_type=\"widget\" data-e-type=\"widget\" data-widget_type=\"heading.default\">\n\t\t\t\t\t<h2 class=\"elementor-heading-title elementor-size-default\">Get in touch and let\u2019s start your project.<\/h2>\t\t\t\t<\/div>\n\t\t\t\t<div class=\"elementor-element elementor-element-6adab799 elementor-widget__width-initial elementor-widget elementor-widget-text-editor\" data-id=\"6adab799\" data-element_type=\"widget\" data-e-type=\"widget\" data-widget_type=\"text-editor.default\">\n\t\t\t\t\t\t\t\t\t<p>E\u0219ti gata s\u0103 \u00ee\u021bi lansezi site-ul? Scrie-ne sau sun\u0103-ne direct \u0219i \u00ee\u021bi oferim toate detaliile de care ai nevoie pentru a \u00eencepe. R\u0103spundem rapid (de obicei \u00een aceea\u0219i zi lucr\u0103toare). Livrare \u00een max. 7 zile. Plat\u0103 \u00een 2 rate (50%\/50%).<\/p>\t\t\t\t\t\t\t\t<\/div>\n\t\t\t\t<\/div>\n\t\t<div class=\"elementor-element elementor-element-793dea68 e-con-full e-grid e-con e-child\" data-id=\"793dea68\" data-element_type=\"container\" data-e-type=\"container\" data-settings=\"{&quot;jet_parallax_layout_list&quot;:[]}\">\n\t\t<div class=\"elementor-element elementor-element-1a515799 e-con-full e-grid e-con e-child\" data-id=\"1a515799\" data-element_type=\"container\" data-e-type=\"container\" data-settings=\"{&quot;jet_parallax_layout_list&quot;:[]}\">\n\t\t<div class=\"elementor-element elementor-element-614c7901 e-con-full e-flex e-con e-child\" data-id=\"614c7901\" data-element_type=\"container\" data-e-type=\"container\" data-settings=\"{&quot;background_background&quot;:&quot;classic&quot;,&quot;jet_parallax_layout_list&quot;:[]}\">\n\t\t\t\t<div class=\"elementor-element elementor-element-6dd44ec8 elementor-view-stacked elementor-shape-circle elementor-widget elementor-widget-icon\" data-id=\"6dd44ec8\" data-element_type=\"widget\" data-e-type=\"widget\" data-widget_type=\"icon.default\">\n\t\t\t\t\t\t\t<div class=\"elementor-icon-wrapper\">\n\t\t\t<div class=\"elementor-icon\">\n\t\t\t<svg xmlns=\"http:\/\/www.w3.org\/2000\/svg\" viewbox=\"0 0 512 512\"><path style=\"fill:var(--fa-secondary-color,currentColor);opacity:var(--fa-secondary-opacity,.4)\" d=\"M86.8 90l19 47c5 12.3 19 18.2 31.2 13.3s18.2-19 13.3-31.2l-19-47c-5-12.3-19-18.2-31.2-13.3-12.3 5-18.2 19-13.3 31.2zm275 285c-5 12.3 1 26.3 13.3 31.2l47 19c12.3 5 26.3-1 31.2-13.3s-1-26.3-13.3-31.2l-47-19c-12.3-5-26.3 1-31.2 13.3z\"><\/path><path style=\"fill:var(--fa-primary-color,currentColor);opacity:var(--fa-primary-opacity,1)\" d=\"M112.1 1.4c19.7-5.4 40.3 4.7 48.1 23.5l40.5 97.3c6.9 16.5 2.1 35.6-11.8 47l-44.1 36.1c32.5 71.6 89 130 159.3 164.9L342.8 323c11.3-13.9 30.4-18.6 47-11.8L487 351.8c18.8 7.8 28.9 28.4 23.5 48.1l-1.5 5.5C491.4 470.1 428.9 525.3 352.6 509.2 177.6 472.1 39.9 334.4 2.8 159.4-13.3 83.1 41.9 20.6 106.5 2.9l5.5-1.5zM131.3 72c-5-12.3-19-18.2-31.2-13.3S81.8 77.7 86.8 90l19 47c5 12.3 19 18.2 31.2 13.3s18.2-19 13.3-31.2l-19-47zM393 361.7c-12.3-5-26.3 1-31.2 13.3s1 26.3 13.3 31.2l47 19c12.3 5 26.3-1 31.2-13.3s-1-26.3-13.3-31.2l-47-19z\"><\/path><\/svg>\t\t\t<\/div>\n\t\t<\/div>\n\t\t\t\t\t\t<\/div>\n\t\t\t\t<div class=\"elementor-element elementor-element-3115d8c elementor-widget elementor-widget-heading\" data-id=\"3115d8c\" data-element_type=\"widget\" data-e-type=\"widget\" data-widget_type=\"heading.default\">\n\t\t\t\t\t<h5 class=\"elementor-heading-title elementor-size-default\">Phone<\/h5>\t\t\t\t<\/div>\n\t\t\t\t<div class=\"elementor-element elementor-element-d62eaa4 elementor-widget elementor-widget-heading\" data-id=\"d62eaa4\" data-element_type=\"widget\" data-e-type=\"widget\" data-widget_type=\"heading.default\">\n\t\t\t\t\t<h5 class=\"elementor-heading-title elementor-size-default\"><a href=\"tel:(0750)%20289%20919\">(0750) 289 919<\/a><\/h5>\t\t\t\t<\/div>\n\t\t\t\t<div class=\"elementor-element elementor-element-5be20f40 elementor-widget elementor-widget-text-editor\" data-id=\"5be20f40\" data-element_type=\"widget\" data-e-type=\"widget\" data-widget_type=\"text-editor.default\">\n\t\t\t\t\t\t\t\t\t<p>Luni-Vineri, 9\u201319. Dac\u0103 e urgent, sun\u0103 oricand.<\/p>\t\t\t\t\t\t\t\t<\/div>\n\t\t\t\t<\/div>\n\t\t<div class=\"elementor-element elementor-element-1ee84e91 e-con-full e-flex e-con e-child\" data-id=\"1ee84e91\" data-element_type=\"container\" data-e-type=\"container\" data-settings=\"{&quot;background_background&quot;:&quot;classic&quot;,&quot;jet_parallax_layout_list&quot;:[]}\">\n\t\t\t\t<div class=\"elementor-element elementor-element-5ced729b elementor-view-stacked elementor-shape-circle elementor-widget elementor-widget-icon\" data-id=\"5ced729b\" data-element_type=\"widget\" data-e-type=\"widget\" data-widget_type=\"icon.default\">\n\t\t\t\t\t\t\t<div class=\"elementor-icon-wrapper\">\n\t\t\t<div class=\"elementor-icon\">\n\t\t\t<svg xmlns=\"http:\/\/www.w3.org\/2000\/svg\" viewbox=\"0 0 512 512\"><path style=\"fill:var(--fa-secondary-color,currentColor);opacity:var(--fa-secondary-opacity,.4)\" d=\"M64.4 175.8L256 33.9 447.6 175.8 289.5 293c-9.7 7.2-21.4 11-33.5 11s-23.8-3.9-33.5-11L64.4 175.8z\"><\/path><path style=\"fill:var(--fa-primary-color,currentColor);opacity:var(--fa-primary-opacity,1)\" d=\"M64.4 175.8L256 33.9 447.6 175.8 289.5 293c-9.7 7.2-21.4 11-33.5 11s-23.8-3.9-33.5-11L64.4 175.8zM256-32c-12.1 0-23.8 3.9-33.5 11L25.9 124.7C9.6 136.8 0 155.8 0 176.1L0 416c0 35.3 28.7 64 64 64l384 0c35.3 0 64-28.7 64-64l0-239.9c0-20.3-9.6-39.4-25.9-51.4L289.5-21c-9.7-7.2-21.4-11-33.5-11z\"><\/path><\/svg>\t\t\t<\/div>\n\t\t<\/div>\n\t\t\t\t\t\t<\/div>\n\t\t\t\t<div class=\"elementor-element elementor-element-ae3a849 elementor-widget elementor-widget-heading\" data-id=\"ae3a849\" data-element_type=\"widget\" data-e-type=\"widget\" data-widget_type=\"heading.default\">\n\t\t\t\t\t<h5 class=\"elementor-heading-title elementor-size-default\">Email<\/h5>\t\t\t\t<\/div>\n\t\t\t\t<div class=\"elementor-element elementor-element-1cf1fd3e elementor-widget elementor-widget-heading\" data-id=\"1cf1fd3e\" data-element_type=\"widget\" data-e-type=\"widget\" data-widget_type=\"heading.default\">\n\t\t\t\t\t<h5 class=\"elementor-heading-title elementor-size-default\"><a href=\"mailto:hello@sitebox.ro\">hello@sitebox.ro<\/a><\/h5>\t\t\t\t<\/div>\n\t\t\t\t<div class=\"elementor-element elementor-element-fbe8fdf elementor-widget elementor-widget-text-editor\" data-id=\"fbe8fdf\" data-element_type=\"widget\" data-e-type=\"widget\" data-widget_type=\"text-editor.default\">\n\t\t\t\t\t\t\t\t\tR\u0103spundem rapid.\nDe obicei \u00een primele minute.\t\t\t\t\t\t\t\t<\/div>\n\t\t\t\t<\/div>\n\t\t<div class=\"elementor-element elementor-element-1ed41061 e-con-full e-flex e-con e-child\" data-id=\"1ed41061\" data-element_type=\"container\" data-e-type=\"container\" data-settings=\"{&quot;background_background&quot;:&quot;classic&quot;,&quot;jet_parallax_layout_list&quot;:[]}\">\n\t\t\t\t<div class=\"elementor-element elementor-element-723524ca elementor-view-stacked elementor-shape-circle elementor-widget elementor-widget-icon\" data-id=\"723524ca\" data-element_type=\"widget\" data-e-type=\"widget\" data-widget_type=\"icon.default\">\n\t\t\t\t\t\t\t<div class=\"elementor-icon-wrapper\">\n\t\t\t<div class=\"elementor-icon\">\n\t\t\t<svg xmlns=\"http:\/\/www.w3.org\/2000\/svg\" viewbox=\"0 0 512 512\"><path style=\"fill:var(--fa-secondary-color,currentColor);opacity:var(--fa-secondary-opacity,.4)\" d=\"M160 32l192 64 0 384-192-64 0-384z\"><\/path><path style=\"fill:var(--fa-primary-color,currentColor);opacity:var(--fa-primary-opacity,1)\" d=\"M485.5 413.3L352 480 352 96 477.3 33.4c16-8 34.7 3.6 34.7 21.5l0 315.5c0 18.2-10.3 34.8-26.5 42.9zM26.5 98.7L160 32 160 416 34.7 478.6C18.8 486.6 0 475 0 457.2L0 141.7c0-18.2 10.3-34.8 26.5-42.9z\"><\/path><\/svg>\t\t\t<\/div>\n\t\t<\/div>\n\t\t\t\t\t\t<\/div>\n\t\t\t\t<div class=\"elementor-element elementor-element-1db394ef elementor-widget elementor-widget-heading\" data-id=\"1db394ef\" data-element_type=\"widget\" data-e-type=\"widget\" data-widget_type=\"heading.default\">\n\t\t\t\t\t<h5 class=\"elementor-heading-title elementor-size-default\">Adresa<\/h5>\t\t\t\t<\/div>\n\t\t\t\t<div class=\"elementor-element elementor-element-8601e5f elementor-widget elementor-widget-heading\" data-id=\"8601e5f\" data-element_type=\"widget\" data-e-type=\"widget\" data-widget_type=\"heading.default\">\n\t\t\t\t\t<h5 class=\"elementor-heading-title elementor-size-default\">Bucure\u0219ti, Rom\u00e2nia<\/h5>\t\t\t\t<\/div>\n\t\t\t\t<div class=\"elementor-element elementor-element-37853b8d elementor-widget elementor-widget-text-editor\" data-id=\"37853b8d\" data-element_type=\"widget\" data-e-type=\"widget\" data-widget_type=\"text-editor.default\">\n\t\t\t\t\t\t\t\t\t<p>Lucr\u0103m 100% remote, program flexibil.<\/p>\t\t\t\t\t\t\t\t<\/div>\n\t\t\t\t<\/div>\n\t\t<div class=\"elementor-element elementor-element-781f7572 e-con-full e-flex e-con e-child\" data-id=\"781f7572\" data-element_type=\"container\" data-e-type=\"container\" data-settings=\"{&quot;background_background&quot;:&quot;classic&quot;,&quot;jet_parallax_layout_list&quot;:[]}\">\n\t\t\t\t<div class=\"elementor-element elementor-element-42d65892 elementor-view-stacked elementor-shape-circle elementor-widget elementor-widget-icon\" data-id=\"42d65892\" data-element_type=\"widget\" data-e-type=\"widget\" data-widget_type=\"icon.default\">\n\t\t\t\t\t\t\t<div class=\"elementor-icon-wrapper\">\n\t\t\t<div class=\"elementor-icon\">\n\t\t\t<svg xmlns=\"http:\/\/www.w3.org\/2000\/svg\" viewbox=\"0 0 512 512\"><path style=\"fill:var(--fa-secondary-color,currentColor);opacity:var(--fa-secondary-opacity,.4)\" d=\"M0 256a256 256 0 1 0 512 0 256 256 0 1 0 -512 0zM232 120c0-13.3 10.7-24 24-24s24 10.7 24 24l0 128.7 60 90c7.4 11 4.4 25.9-6.7 33.3s-25.9 4.4-33.3-6.7l-64-96c-2.6-3.9-4-8.6-4-13.3l0-136z\"><\/path><path style=\"fill:var(--fa-primary-color,currentColor);opacity:var(--fa-primary-opacity,1)\" d=\"M256 96c13.3 0 24 10.7 24 24l0 128.7 60 90c7.4 11 4.4 25.9-6.7 33.3s-25.9 4.4-33.3-6.7l-64-96c-2.6-3.9-4-8.6-4-13.3l0-136c0-13.3 10.7-24 24-24z\"><\/path><\/svg>\t\t\t<\/div>\n\t\t<\/div>\n\t\t\t\t\t\t<\/div>\n\t\t\t\t<div class=\"elementor-element elementor-element-35a5204d elementor-widget elementor-widget-heading\" data-id=\"35a5204d\" data-element_type=\"widget\" data-e-type=\"widget\" data-widget_type=\"heading.default\">\n\t\t\t\t\t<h5 class=\"elementor-heading-title elementor-size-default\">Availability<\/h5>\t\t\t\t<\/div>\n\t\t\t\t<div class=\"elementor-element elementor-element-e6df558 elementor-widget elementor-widget-heading\" data-id=\"e6df558\" data-element_type=\"widget\" data-e-type=\"widget\" data-widget_type=\"heading.default\">\n\t\t\t\t\t<h5 class=\"elementor-heading-title elementor-size-default\">Luni \u2013 Vineri, 9\u201319<\/h5>\t\t\t\t<\/div>\n\t\t\t\t<div class=\"elementor-element elementor-element-350995cb elementor-widget elementor-widget-text-editor\" data-id=\"350995cb\" data-element_type=\"widget\" data-e-type=\"widget\" data-widget_type=\"text-editor.default\">\n\t\t\t\t\t\t\t\t\t<p>Timp mediu de r\u0103spuns: 2 ore.<\/p>\t\t\t\t\t\t\t\t<\/div>\n\t\t\t\t<\/div>\n\t\t\t\t<\/div>\n\t\t<div class=\"elementor-element elementor-element-7daa2183 e-con-full e-flex e-con e-child\" data-id=\"7daa2183\" data-element_type=\"container\" data-e-type=\"container\" data-settings=\"{&quot;background_background&quot;:&quot;classic&quot;,&quot;jet_parallax_layout_list&quot;:[]}\">\n\t\t\t\t<div class=\"elementor-element elementor-element-6c7f618c elementor-widget elementor-widget-heading\" data-id=\"6c7f618c\" data-element_type=\"widget\" data-e-type=\"widget\" data-widget_type=\"heading.default\">\n\t\t\t\t\t<h5 class=\"elementor-heading-title elementor-size-default\">Send us a message<\/h5>\t\t\t\t<\/div>\n\t\t\t\t<div class=\"elementor-element elementor-element-2a49ab61 elementor-widget elementor-widget-text-editor\" data-id=\"2a49ab61\" data-element_type=\"widget\" data-e-type=\"widget\" data-widget_type=\"text-editor.default\">\n\t\t\t\t\t\t\t\t\t<p>Nu te cost\u0103 nimic s\u0103 st\u0103m la o scurt\u0103 discu\u021bie.<\/p>\t\t\t\t\t\t\t\t<\/div>\n\t\t\t\t<div class=\"elementor-element elementor-element-586176c3 elementor-widget__width-inherit elementor-button-align-stretch elementor-widget elementor-widget-form\" data-id=\"586176c3\" data-element_type=\"widget\" data-e-type=\"widget\" data-settings=\"{&quot;step_next_label&quot;:&quot;Next&quot;,&quot;step_previous_label&quot;:&quot;Previous&quot;,&quot;button_width&quot;:&quot;100&quot;,&quot;step_type&quot;:&quot;number_text&quot;,&quot;step_icon_shape&quot;:&quot;circle&quot;}\" data-widget_type=\"form.default\">\n\t\t\t\t\t\t\t<form class=\"elementor-form\" method=\"post\" name=\"Contact\" aria-label=\"Contact\" action=\"\">\n\t\t\t<input type=\"hidden\" name=\"post_id\" value=\"851\"\/>\n\t\t\t<input type=\"hidden\" name=\"form_id\" value=\"586176c3\"\/>\n\t\t\t<input type=\"hidden\" name=\"referer_title\" value=\"\" \/>\n\n\t\t\t\n\t\t\t<div class=\"elementor-form-fields-wrapper elementor-labels-\">\n\t\t\t\t\t\t\t\t<div class=\"elementor-field-type-text elementor-field-group elementor-column elementor-field-group-name elementor-col-100\">\n\t\t\t\t\t\t\t\t\t\t\t\t<label for=\"form-field-name\" class=\"elementor-field-label elementor-screen-only\">\n\t\t\t\t\t\t\t\tName\t\t\t\t\t\t\t<\/label>\n\t\t\t\t\t\t\t\t\t\t\t\t\t\t<input size=\"1\" type=\"text\" name=\"form_fields[name]\" id=\"form-field-name\" class=\"elementor-field elementor-size-sm  elementor-field-textual\" placeholder=\"Ex. Andrei Popescu\">\n\t\t\t\t\t\t\t\t\t\t\t<\/div>\n\t\t\t\t\t\t\t\t<div class=\"elementor-field-type-email elementor-field-group elementor-column elementor-field-group-email elementor-col-100 elementor-field-required\">\n\t\t\t\t\t\t\t\t\t\t\t\t<label for=\"form-field-email\" class=\"elementor-field-label elementor-screen-only\">\n\t\t\t\t\t\t\t\tEmail\t\t\t\t\t\t\t<\/label>\n\t\t\t\t\t\t\t\t\t\t\t\t\t\t<input size=\"1\" type=\"email\" name=\"form_fields[email]\" id=\"form-field-email\" class=\"elementor-field elementor-size-sm  elementor-field-textual\" placeholder=\"exemplu@firma.ro\" required=\"required\">\n\t\t\t\t\t\t\t\t\t\t\t<\/div>\n\t\t\t\t\t\t\t\t<div class=\"elementor-field-type-tel elementor-field-group elementor-column elementor-field-group-field_588b535 elementor-col-100\">\n\t\t\t\t\t\t\t\t\t\t\t\t<label for=\"form-field-field_588b535\" class=\"elementor-field-label elementor-screen-only\">\n\t\t\t\t\t\t\t\tPhone\t\t\t\t\t\t\t<\/label>\n\t\t\t\t\t\t\t\t<input size=\"1\" type=\"tel\" name=\"form_fields[field_588b535]\" id=\"form-field-field_588b535\" class=\"elementor-field elementor-size-sm  elementor-field-textual\" placeholder=\"Phone\" pattern=\"[0-9()#&amp;+*-=.]+\" title=\"Only numbers and phone characters (#, -, *, etc) are accepted.\">\n\n\t\t\t\t\t\t<\/div>\n\t\t\t\t\t\t\t\t<div class=\"elementor-field-type-textarea elementor-field-group elementor-column elementor-field-group-message elementor-col-100\">\n\t\t\t\t\t\t\t\t\t\t\t\t<label for=\"form-field-message\" class=\"elementor-field-label elementor-screen-only\">\n\t\t\t\t\t\t\t\tMessage\t\t\t\t\t\t\t<\/label>\n\t\t\t\t\t\t<textarea class=\"elementor-field-textual elementor-field  elementor-size-sm\" name=\"form_fields[message]\" id=\"form-field-message\" rows=\"4\" placeholder=\"Message\"><\/textarea>\t\t\t\t<\/div>\n\t\t\t\t\t\t\t\t<div class=\"elementor-field-type-acceptance elementor-field-group elementor-column elementor-field-group-field_c0c6587 elementor-col-100\">\n\t\t\t\t\t\t\t<div class=\"elementor-field-subgroup\">\n\t\t\t<span class=\"elementor-field-option\">\n\t\t\t\t<input type=\"checkbox\" name=\"form_fields[field_c0c6587]\" id=\"form-field-field_c0c6587\" class=\"elementor-field elementor-size-sm  elementor-acceptance-field\">\n\t\t\t\t<label for=\"form-field-field_c0c6587\">Sunt de acord cu prelucrarea datelor pentru a fi contactat. Am citit Politica de Confiden\u021bialitate \u0219i Politica de Cookie-uri.\nNu trimitem spam. Nu vindem \u0219i nu \u00eenchiriem date.<\/label>\t\t\t<\/span>\n\t\t<\/div>\n\t\t\t\t\t\t<\/div>\n\t\t\t\t\t\t\t\t<div class=\"elementor-field-group elementor-column elementor-field-type-submit elementor-col-100 e-form__buttons\">\n\t\t\t\t\t<button class=\"elementor-button elementor-size-sm\" type=\"submit\">\n\t\t\t\t\t\t<span class=\"elementor-button-content-wrapper\">\n\t\t\t\t\t\t\t\t\t\t\t\t\t\t\t<span class=\"elementor-button-icon\">\n\t\t\t\t\t\t\t\t\t<svg xmlns=\"http:\/\/www.w3.org\/2000\/svg\" viewbox=\"0 0 512 512\"><path style=\"fill:var(--fa-secondary-color,currentColor);opacity:var(--fa-secondary-opacity,.4)\" d=\"M.6 486c-.4 14.6 11.2 26.2 25.9 25.9 34.5-.8 95.1-7 126.4-38.3 31.5-31.5 31.5-82.5 0-114s-82.5-31.5-114 0C7.6 390.9 1.4 451.6 .6 486zm29-246.5C16.8 260.9 32.1 288 57 288l103.5 0c14.2-67.4 34.3-119.7 58.1-160l-95 0c-16.9 0-32.5 8.8-41.2 23.3L29.6 239.5zm27.6 202c.7-12.8 3.7-31.2 13.7-41.3 11.4-11.4 30-11.4 41.4 0s11.4 30 0 41.4c-10.1 10.1-28.5 13-41.3 13.7-8 .5-14.3-5.9-13.9-13.9zM224.5 352l0 103.5c0 24.9 27.1 40.2 48.5 27.4L361.2 430c14.5-8.7 23.3-24.3 23.3-41.2l0-95c-40.3 23.8-92.6 43.9-160 58.1z\"><\/path><path style=\"fill:var(--fa-primary-color,currentColor);opacity:var(--fa-primary-opacity,1)\" d=\"M160.5 288c59.6-283.1 224-298.9 323.6-284.3 12.8 1.9 22.8 11.9 24.6 24.6 14.6 99.6-1.2 264-284.3 323.6 0-35.3-28.7-64-64-64zm272-160a48 48 0 1 0 -96 0 48 48 0 1 0 96 0z\"><\/path><\/svg>\t\t\t\t\t\t\t\t\t\t\t\t\t\t\t\t\t<\/span>\n\t\t\t\t\t\t\t\t\t\t\t\t\t\t\t\t\t\t\t\t\t\t<span class=\"elementor-button-text\">Send<\/span>\n\t\t\t\t\t\t\t\t\t\t\t\t\t<\/span>\n\t\t\t\t\t<\/button>\n\t\t\t\t<\/div>\n\t\t\t<\/div>\n\t\t<input type=\"hidden\" name=\"trp-form-language\" value=\"en\"\/><\/form>\n\t\t\t\t\t\t<\/div>\n\t\t\t\t<div class=\"elementor-element elementor-element-93e9b77 elementor-widget elementor-widget-text-editor\" data-id=\"93e9b77\" data-element_type=\"widget\" data-e-type=\"widget\" data-widget_type=\"text-editor.default\">\n\t\t\t\t\t\t\t\t\t<p>Prime\u0219ti r\u0103spuns \u00een aceea\u0219i zi lucr\u0103toare. Dac\u0103 e urgent, sun\u0103 la <a href=\"tel:0750289919\">(0750) 289 919<\/a><\/p>\t\t\t\t\t\t\t\t<\/div>\n\t\t\t\t<\/div>\n\t\t\t\t<\/div>\n\t\t\t\t\t<\/div>\n\t\t\t\t<\/div>\n\t\t\t\t<\/div>\n\t\t\t\t<\/div>\n\t\t\t\t\t\t<\/div>\n\t\t\t\t<\/div>\n\t\t\t\t<\/div>\n\t\t\t\t<\/div>","protected":false},"excerpt":{"rendered":"<p>Contact SiteBox<\/p>","protected":false},"author":2,"featured_media":0,"parent":0,"menu_order":0,"comment_status":"closed","ping_status":"closed","template":"","meta":{"footnotes":""},"class_list":["post-27","page","type-page","status-publish","hentry"],"_links":{"self":[{"href":"https:\/\/sitebox.ro\/en\/wp-json\/wp\/v2\/pages\/27","targetHints":{"allow":["GET"]}}],"collection":[{"href":"https:\/\/sitebox.ro\/en\/wp-json\/wp\/v2\/pages"}],"about":[{"href":"https:\/\/sitebox.ro\/en\/wp-json\/wp\/v2\/types\/page"}],"author":[{"embeddable":true,"href":"https:\/\/sitebox.ro\/en\/wp-json\/wp\/v2\/users\/2"}],"replies":[{"embeddable":true,"href":"https:\/\/sitebox.ro\/en\/wp-json\/wp\/v2\/comments?post=27"}],"version-history":[{"count":7,"href":"https:\/\/sitebox.ro\/en\/wp-json\/wp\/v2\/pages\/27\/revisions"}],"predecessor-version":[{"id":1695,"href":"https:\/\/sitebox.ro\/en\/wp-json\/wp\/v2\/pages\/27\/revisions\/1695"}],"wp:attachment":[{"href":"https:\/\/sitebox.ro\/en\/wp-json\/wp\/v2\/media?parent=27"}],"curies":[{"name":"wp","href":"https:\/\/api.w.org\/{rel}","templated":true}]}}